{"id":64,"date":"2013-04-22T10:57:35","date_gmt":"2013-04-22T09:57:35","guid":{"rendered":"http:\/\/www.le-havre-change.fr\/?page_id=64"},"modified":"2022-05-26T13:48:35","modified_gmt":"2022-05-26T12:48:35","slug":"page","status":"publish","type":"page","link":"http:\/\/www.le-havre-change.fr\/","title":{"rendered":"Bureau de change Le Havre"},"content":{"rendered":"\n<p><strong>T\u00e9l : 02 35 41 29 13<\/strong><\/p>\n\n<p>\nPour tous vos \u00e9changes de devises, pi\u00e8ces d&rsquo;or, lingots d&rsquo;or.<\/p>\n\n\n<div>\n<iframe src=\"https:\/\/www.google.com\/maps\/embed?pb=!1m16!1m12!1m3!1d20733.821258441832!2d0.09982660179650371!3d49.489651264031075!2m3!1f0!2f0!3f0!3m2!1i1024!2i768!4f13.1!2m1!1snormandie%20change!5e0!3m2!1sfr!2snl!4v1653568884067!5m2!1sfr!2snl\" width=\"600\" height=\"450\" style=\"border:0;\" allowfullscreen=\"\" loading=\"lazy\" referrerpolicy=\"no-referrer-when-downgrade\"><\/iframe>\n<\/div>\n<p style=\"font-size: large\">Au bout de la rue de Paris \u00e0 droite en venant de l&rsquo;H\u00f4tel de Ville.<\/p>\n<p style=\"font-size: large\">\nOuvert toute l\u2019ann\u00e9e du lundi au samedi.<br>Du lundi au samedi :<br>14 h 00 \u2013 17 h 00\n<\/p>\n\n<div class=\"aligncenter\">\n<p>NORMANDIE CHANGE<br>41, rue Chauss\u00e9e John Kennedy<br>76600 Le Havre<\/p>\n<p>S.A.R.L Normandie Change, R.C.S. Le Havre 492 534 136<\/p>\n<\/div>\n","protected":false},"excerpt":{"rendered":"<p>T\u00e9l : 02 35 41 29 13 Pour tous vos \u00e9changes de devises, pi\u00e8ces d&rsquo;or, lingots d&rsquo;or. Au bout de la rue de Paris \u00e0 droite en venant de l&rsquo;H\u00f4tel de Ville. Ouvert toute l\u2019ann\u00e9e du lundi au samedi.Du lundi &hellip; <a href=\"http:\/\/www.le-havre-change.fr\/\"><em>Continue&nbsp;reading&nbsp;<span class=\"meta-nav\">&rarr;<\/span><\/em><\/a><\/p>\n","protected":false},"author":1,"featured_media":0,"parent":0,"menu_order":0,"comment_status":"closed","ping_status":"open","template":"","meta":[],"_links":{"self":[{"href":"http:\/\/www.le-havre-change.fr\/index.php?rest_route=\/wp\/v2\/pages\/64"}],"collection":[{"href":"http:\/\/www.le-havre-change.fr\/index.php?rest_route=\/wp\/v2\/pages"}],"about":[{"href":"http:\/\/www.le-havre-change.fr\/index.php?rest_route=\/wp\/v2\/types\/page"}],"author":[{"embeddable":true,"href":"http:\/\/www.le-havre-change.fr\/index.php?rest_route=\/wp\/v2\/users\/1"}],"replies":[{"embeddable":true,"href":"http:\/\/www.le-havre-change.fr\/index.php?rest_route=%2Fwp%2Fv2%2Fcomments&post=64"}],"version-history":[{"count":29,"href":"http:\/\/www.le-havre-change.fr\/index.php?rest_route=\/wp\/v2\/pages\/64\/revisions"}],"predecessor-version":[{"id":124,"href":"http:\/\/www.le-havre-change.fr\/index.php?rest_route=\/wp\/v2\/pages\/64\/revisions\/124"}],"wp:attachment":[{"href":"http:\/\/www.le-havre-change.fr\/index.php?rest_route=%2Fwp%2Fv2%2Fmedia&parent=64"}],"curies":[{"name":"wp","href":"https:\/\/api.w.org\/{rel}","templated":true}]}}